{"id":4356,"date":"2025-10-17T10:27:59","date_gmt":"2025-10-17T14:27:59","guid":{"rendered":"http:\/\/www.latinhire.com\/?page_id=4356\/"},"modified":"2025-10-17T10:28:02","modified_gmt":"2025-10-17T14:28:02","slug":"empresa","status":"publish","type":"page","link":"https:\/\/www.latinhire.com\/pt-br\/empresa\/","title":{"rendered":"Empresa"},"content":{"rendered":"<div class=\"wpb-content-wrapper\">[vc_row bg_style=&#8221;stretch&#8221; video_bg_overlay=&#8221;none&#8221;][vc_column width=&#8221;1\/1&#8243;]<script type=\"text\/javascript\">jQuery(function() { _initLayerSlider( '#layerslider_10_qu1q5xfkummp', {sliderVersion: '6.7.6', type: 'fullwidth', responsiveUnder: 980, allowFullscreen: true, slideBGSize: 'auto', pauseOnHover: 1, skin: 'v5', sliderFadeInDuration: 350, useSrcset: true, skinsPath: 'https:\/\/www.latinhire.com\/wp-content\/plugins\/LayerSlider\/assets\/static\/layerslider\/skins\/', performanceMode: true}); });<\/script><div id=\"layerslider_10_qu1q5xfkummp\"  class=\"ls-wp-container fitvidsignore ls-selectable\" style=\"width:1000px;height:490px;margin:0 auto;margin-bottom: 0px;\"><div class=\"ls-slide\" data-ls=\"bgsize:auto;duration:4000;\"><img width=\"1346\" height=\"490\" src=\"https:\/\/www.latinhire.com\/wp-content\/uploads\/2014\/06\/inner-slider.jpg\" class=\"ls-bg\" alt=\"\" srcset=\"https:\/\/www.latinhire.com\/wp-content\/uploads\/2014\/06\/inner-slider.jpg 1346w, https:\/\/www.latinhire.com\/wp-content\/uploads\/2014\/06\/inner-slider-300x109.jpg 300w, https:\/\/www.latinhire.com\/wp-content\/uploads\/2014\/06\/inner-slider-1024x372.jpg 1024w\" sizes=\"(max-width: 1346px) 100vw, 1346px\" \/><p style=\"font-size:34px;color:#FFF;top:26px;left:71px;\" class=\"ls-l ls-text-layer\" data-ls=\"offsetxin:80;offsetxout:-80;durationout:400;parallaxlevel:0;\">BIENVENIDO A LATINHIRE<\/p><p style=\"padding-right:200px;font-size:18px;color:#FFF;top:99px;left:71px;white-space:normal;\" class=\"ls-l ls-text-layer\" data-ls=\"offsetxin:80;offsetxout:-80;durationout:400;parallaxlevel:0;\">Latinhire ofrece profesionales de Latinoam\u00e9rica para compa\u00f1\u00edas internacionales que se benefician utilizando<br> trabajadores online.<\/p><p style=\"padding-right:200px;font-size:18px;color:#FFF;top:173px;left:74px;white-space:normal;\" class=\"ls-l ls-text-layer\" data-ls=\"offsetxin:80;offsetxout:-80;durationout:400;parallaxlevel:0;\">Nuestro concepto de servicio innovador permite a nuestros clientes trabajar directamente con profesionales<br> biling\u00fces sin tener que realizar un proceso de reclutamiento y poder mantener tanto las operaciones<br> estrat\u00e9gicas como el \"Know How\" bajo el directo control de la compa\u00f1\u00eda.<\/p><p style=\"padding-right:200px;font-size:18px;color:#FFF;top:300px;left:75px;white-space:normal;\" class=\"ls-l ls-text-layer\" data-ls=\"offsetxin:80;offsetxout:-80;durationout:400;parallaxlevel:0;\">Desde la perspectiva de nuestros clientes, Latinhire provee profesionales online que forman parte de<br> un completo servicio donde el pago se define por la cantidad de trabajo ofrecida.<\/p><p style=\"padding-right:150px;font-size:18px;color:#FFFFFF;top:389px;left:77px;white-space:normal;\" class=\"ls-l ls-text-layer\" data-ls=\"offsetxin:80;offsetxout:-80;durationout:400;parallaxlevel:0;\">Si est\u00e1 buscando personal biling\u00fce altamente calificado, por favor cont\u00e1ctenos para ofrecerle un servicio<br> personalizado pensado para su negocio.<\/p><\/div><\/div>[\/vc_column][\/vc_row][vc_row bg_color=&#8221;#1274b5&#8243; bg_style=&#8221;repeat&#8221; video_bg_overlay=&#8221;none&#8221; margin_top=&#8221;5px&#8221; margin_bottom=&#8221;5px&#8221; padding_top=&#8221;20&#8243; style=&#8221;light&#8221; padding_bottom=&#8221;20&#8243; center_row=&#8221;yes&#8221;][vc_column width=&#8221;1\/1&#8243;][vc_column_text]\n<h1 style=\"text-align: center; font-size: 30px;\">CONTATO<\/h1>\n[\/vc_column_text][\/vc_column][\/vc_row][vc_row bg_style=&#8221;stretch&#8221; video_bg_overlay=&#8221;none&#8221;][vc_column width=&#8221;1\/1&#8243;][vc_gmaps link=&#8221;#E-8_JTNDaWZyYW1lJTIwc3JjJTNEJTIyaHR0cHMlM0ElMkYlMkZ3d3cuZ29vZ2xlLmNvbSUyRm1hcHMlMkZlbWJlZCUzRnBiJTNEJTIxMW0xNCUyMTFtOCUyMTFtMyUyMTFkMzMzMC4xMTE4Njg1NTE1OTUzJTIxMmQtNzAuNTkzNzA4MyUyMTNkLTMzLjQyMDMyNzcwMDAwMDAxJTIxM20yJTIxMWkxMDI0JTIxMmk3NjglMjE0ZjEzLjElMjEzbTMlMjExbTIlMjExczB4OTY2MmNmMTM4YTU2YzEyZiUyNTNBMHg5NDZhYzNjNmQyN2I5MDQzJTIxMnNTYW4lMkJDcmVzY2VudGUlMkI0MTYlMjUyQyUyQkxhcyUyQkNvbmRlcyUyNTJDJTJCUmVnaSUyNUMzJTI1QjNuJTJCTWV0cm9wb2xpdGFuYSUyMTVlMCUyMTNtMiUyMTFzZXMtNDE5JTIxMnNjbCUyMTR2MTQwNjA1MzA1MTI0NSUyMiUyMGhlaWdodCUzRCUyMjYwMCUyMiUyMGZyYW1lYm9yZGVyJTNEJTIyMCUyMiUyMHN0eWxlJTNEJTIyYm9yZGVyJTNBMCUyMiUzRSUzQyUyRmlmcmFtZSUzRQ==&#8221; size=&#8221;400&#8243;][\/vc_column][\/vc_row][vc_row bg_color=&#8221;#1274b5&#8243; bg_style=&#8221;repeat&#8221; video_bg_overlay=&#8221;none&#8221; margin_top=&#8221;5px&#8221; padding_top=&#8221;20&#8243; style=&#8221;light&#8221; padding_bottom=&#8221;20&#8243; margin_bottom=&#8221;0&#8243; center_row=&#8221;yes&#8221;][vc_column width=&#8221;1\/1&#8243;][vc_column_text]\n<h1 style=\"text-align: center; font-size: 30px;\">SOBRE N\u00d3S<\/h1>\n[\/vc_column_text][\/vc_column][\/vc_row][vc_row bg_image=&#8221;3263&#8243; bg_style=&#8221;repeat&#8221; video_bg_overlay=&#8221;none&#8221; padding_left=&#8221;100&#8243; padding_right=&#8221;100&#8243; padding_top=&#8221;30&#8243; padding_bottom=&#8221;50&#8243; margin_top=&#8221;0px&#8221; center_row=&#8221;yes&#8221;][vc_column width=&#8221;1\/1&#8243;][vc_column_text]A empresa foi fundada em 2003 por tr\u00eas jovens empres\u00e1rios que vir\u00e3o a oportunidade de criar uma sociedade que transcendesse as fronteiras geogr\u00e1ficas, usando de novas tecnologias para criar meios de trabalho via internet.<\/p>\n<p>Nossa vis\u00e3o \u00e9 conectar as pessoas em uma rede descentralizada, mas al\u00e9m das fronteiras nacionais, fazendo com que o mundo seja menor e mais inteligente.<\/p>\n<p>Nossa miss\u00e3o \u00e9 criar uma rede de profissionais bil\u00edngues de menores custos competitivos com um modelo de distribui\u00e7\u00e3o em linha, offshore e descentralizado.<\/p>\n<p>Nossa preocupa\u00e7\u00e3o \u00e9 construir uma organiza\u00e7\u00e3o que gera o maior n\u00edvel de compromisso, entusiasmo e motiva\u00e7\u00e3o de cada membro para prestar um servi\u00e7o \u00fanico e excepcional para nossos clientes.<\/p>\n<p>Nossa sele\u00e7\u00e3o se baseia na qualidade da infraestrutura de comunica\u00e7\u00e3o, o perfil cultural necess\u00e1rio, os custos relativos do trabalho, da estabilidade pol\u00edtica, a localiza\u00e7\u00e3o e fuso hor\u00e1rio de diferentes pa\u00edses, entre outras coisas.[\/vc_column_text][\/vc_column][\/vc_row][vc_row bg_color=&#8221;#1274b5&#8243; bg_style=&#8221;repeat&#8221; video_bg_overlay=&#8221;none&#8221; margin_top=&#8221;5px&#8221; margin_bottom=&#8221;5px&#8221; padding_top=&#8221;20&#8243; style=&#8221;light&#8221; padding_bottom=&#8221;20&#8243; center_row=&#8221;yes&#8221;][vc_column width=&#8221;1\/1&#8243;][vc_column_text]\n<h1 style=\"text-align: center; font-size: 30px;\"><strong>SERVI\u00c7OS<\/strong><\/h1>\n[\/vc_column_text][\/vc_column][\/vc_row][vc_row bg_style=&#8221;stretch&#8221; video_bg_overlay=&#8221;none&#8221; margin_top=&#8221;30&#8243; margin_bottom=&#8221;30&#8243; padding_left=&#8221;100&#8243; padding_right=&#8221;100&#8243; center_row=&#8221;yes&#8221;][vc_column width=&#8221;1\/1&#8243;][vc_column_text]Latinhire tem se comprometido a oferecer uma solu\u00e7\u00e3o \u00fanica, completa, rent\u00e1vel e feita sob medida, para cumprir com a necessidade de profissionais bil\u00edngues de nossos clientes.<br \/>\nLatinhire contrata, treina e supervisiona os melhores da Am\u00e9rica Latina, baseado no perfil e no tipo de opera\u00e7\u00e3o solicitada por nossos clientes. Para a contrata\u00e7\u00e3o nos dirigimos a estudantes ou profissionais pertencentes as mais prestigiosas universidades dos pa\u00edses da Am\u00e9rica Latina.<br \/>\nExigimos que este exclusivo grupo de pessoas tenham boas qualifica\u00e7\u00f5es, disponibilidade baseada no hor\u00e1rio de trabalho solicitado, e uma conex\u00e3o r\u00e1pida e segura via Internet.<br \/>\nDependendo da aloca\u00e7\u00e3o e a infraestrutura dos clientes, podemos usar uma plataforma de telefonia (VoIP o PBX) e \/ ou implementa\u00e7\u00e3o de outras solu\u00e7\u00f5es para entregar suporte t\u00e9cnico. Estamos comprometidos a proporcionar a melhor solu\u00e7\u00e3o t\u00e9cnica, tendo em conta o equil\u00edbrio entre custos e qualidade de servi\u00e7o.<br \/>\nContamos ainda com uma rede de sistemas adequados de recrutamento, contrata\u00e7\u00e3o e pagamento dos servi\u00e7os de nossos profissionais da Am\u00e9rica Latina.<br \/>\nNossa gama de servi\u00e7os tem um denominador comum: O pessoal qualificado da Am\u00e9rica Latina supervisionado por nossa equipe administrativa. Nosso compromisso \u00e9 agregar valor a seu negocio no menor tempo poss\u00edvel e com o m\u00ednimo de risco para sua empresa.<\/p>\n<p style=\"text-align: left; font-weight: bold; color: #1274b5;\">Processo de contrata\u00e7\u00e3o:<\/p>\n<p>Recebemos um perfil detalhado das necessidades de nossos clientes e oferecemos um pacote de servi\u00e7os segundo o requerido.<br \/>\nO processo de contrata\u00e7\u00e3o que se aplica se centra em um sistema de perfis. Nosso cliente nos proporciona seus objetivos e segundo isto, Latinhire desenvolve um processo personalizado de recrutamento.<br \/>\nUma vez que se recebem as solicita\u00e7\u00f5es e se analisam cuidadosamente, Latinhire toma uma serie de rigorosos testes acad\u00e9micos e de idioma aos candidatos selecionados.<br \/>\nApenas selecionamos os aspirantes com educa\u00e7\u00e3o universit\u00e1ria e experi\u00eancia laboral certificada em sua \u00e1rea de especializa\u00e7\u00e3o. As provas acad\u00e9micas de revis\u00e3o se aplicam em fun\u00e7\u00e3o das necessidades de nossos clientes e os requisitos.<br \/>\nEm quanto aos aspectos tecnol\u00f3gicos, conex\u00e3o a Internet e\/ou de software, estes variam segundo o tipo de servi\u00e7o que deve ser prestado.<br \/>\nUma vez que os requisitos acad\u00eamicos, a linguagem e a t\u00e9cnica se estejam de acordo, todos os solicitantes devem apresentar a documenta\u00e7\u00e3o oficial de verifica\u00e7\u00e3o de antecedentes (antecedentes criminais) e fornecer ao menos duas refer\u00eancias sobre a informa\u00e7\u00e3o laboral correspondente.<br \/>\nLatinhire oferece um conjunto de candidatos selecionados, por\u00e9m, a decis\u00e3o final \u00e9 tomada por nosso cliente.<\/p>\n<p style=\"text-align: left; font-weight: bold; color: #1274b5;\">Opera\u00e7\u00f5es:<\/p>\n<p>Nosso cliente proporciona os conhecimentos t\u00e9cnicos necess\u00e1rios para sobressair em cada \u00e2mbito particular, por\u00e9m s\u00e3o nossos agentes os que realizam e supervisam a qualidade do trabalho entregue.<br \/>\nNossa equipe administrativa pode utilizar-se de programa\u00e7\u00e3o baseada nas necessidades de nossos clientes, assegurando que cada intervalo de tempo esteje coberto.<br \/>\nPara cada cliente se designa um gerente de contas chave que iniciar\u00e1, coordenar\u00e1 e manter\u00e1 as opera\u00e7\u00f5es di\u00e1rias na pista, assim como adminisrar\u00e1 uma grande quantidade de quest\u00f5es comerciais e operativas.<br \/>\nLatinhire administra a lista da Am\u00e9rica Latina e todos os temas relacionados a recursos humanos. Ademais, Latinhire gera informes personalizados incluindo informa\u00e7\u00e3o pertinente para cada opera\u00e7\u00e3o de clientes.[\/vc_column_text][\/vc_column][\/vc_row][vc_row bg_color=&#8221;#1274b5&#8243; bg_style=&#8221;repeat&#8221; video_bg_overlay=&#8221;none&#8221; margin_top=&#8221;5px&#8221; margin_bottom=&#8221;5px&#8221; padding_top=&#8221;20&#8243; style=&#8221;light&#8221; padding_bottom=&#8221;20&#8243; center_row=&#8221;yes&#8221;][vc_column width=&#8221;1\/1&#8243;][vc_column_text]\n<h1 style=\"text-align: center; font-size: 30px;\">VANTAGENS<\/h1>\n[\/vc_column_text][\/vc_column][\/vc_row][vc_row bg_image=&#8221;3263&#8243; bg_style=&#8221;repeat&#8221; video_bg_overlay=&#8221;none&#8221; padding_top=&#8221;30&#8243; padding_bottom=&#8221;30&#8243; padding_left=&#8221;100&#8243; padding_right=&#8221;100&#8243; center_row=&#8221;yes&#8221;][vc_column width=&#8221;1\/1&#8243;][vc_column_text]Se voc\u00ea est\u00e1 pensando na cria\u00e7\u00e3o de uma equipe online de trabalhadores para prestar servi\u00e7os, em Espanhol \/ Ingl\u00eas, reclutando pessoas latino-americanas \u00e9 uma op\u00e7\u00e3o muito mais barata que contratar a gente nos EUA ou outros pa\u00edses desenvolvidos.<\/p>\n<p style=\"text-align: left; font-weight: bold; color: #1274b5;\">O conceito inovador de Latinhire significa:<\/p>\n<p>Simplicidade: No momento de gerenciar os pagamentos ou cobran\u00e7as.<br \/>\nComodidade: Pago pelas horas de trabalho e economia nos custos laborais fixos e ocultos.<br \/>\nVersatilidade: Modelo de contrata\u00e7\u00e3o personalizado para fazer frente ao perfil de clientes.<br \/>\nEscalabilidade: A contrata\u00e7\u00e3o est\u00e1 sujeita a mudan\u00e7as segundo as novas necessidades de nossos clientes.<br \/>\nConfian\u00e7a: Supervis\u00e3o firme e alto compromisso com o calend\u00e1rio.<br \/>\nIndepend\u00eancia: O saber fazer \u00e9 manter um controle direto dos clientes.<\/p>\n<p style=\"text-align: left; font-weight: bold; color: #1274b5;\">Vantagens dos agentes latino-americanos:<\/p>\n<p>Os baixos custos de m\u00e3o de obra nos permite contratar pessoas de alto n\u00edvel de educa\u00e7\u00e3o a um custo menor.<br \/>\nO espanhol \u00e9 sua l\u00edngua materna. Ademas tem distintos niveles de Ingl\u00eas.[\/vc_column_text][\/vc_column][\/vc_row]\n<\/div>","protected":false},"excerpt":{"rendered":"<p>[vc_row bg_style=&#8221;stretch&#8221; video_bg_overlay=&#8221;none&#8221;][vc_column width=&#8221;1\/1&#8243;][\/vc_column][\/vc_row][vc_row bg_color=&#8221;#1274b5&#8243; bg_style=&#8221;repeat&#8221; video_bg_overlay=&#8221;none&#8221; margin_top=&#8221;5px&#8221; margin_bottom=&#8221;5px&#8221; padding_top=&#8221;20&#8243; style=&#8221;light&#8221; padding_bottom=&#8221;20&#8243; center_row=&#8221;yes&#8221;][vc_column width=&#8221;1\/1&#8243;][vc_column_text] CONTATO [\/vc_column_text][\/vc_column][\/vc_row][vc_row bg_style=&#8221;stretch&#8221; video_bg_overlay=&#8221;none&#8221;][vc_column width=&#8221;1\/1&#8243;][vc_gmaps link=&#8221;#E-8_JTNDaWZyYW1lJTIwc3JjJTNEJTIyaHR0cHMlM0ElMkYlMkZ3d3cuZ29vZ2xlLmNvbSUyRm1hcHMlMkZlbWJlZCUzRnBiJTNEJTIxMW0xNCUyMTFtOCUyMTFtMyUyMTFkMzMzMC4xMTE4Njg1NTE1OTUzJTIxMmQtNzAuNTkzNzA4MyUyMTNkLTMzLjQyMDMyNzcwMDAwMDAxJTIxM20yJTIxMWkxMDI0JTIxMmk3NjglMjE0ZjEzLjElMjEzbTMlMjExbTIlMjExczB4OTY2MmNmMTM4YTU2YzEyZiUyNTNBMHg5NDZhYzNjNmQyN2I5MDQzJTIxMnNTYW4lMkJDcmVzY2VudGUlMkI0MTYlMjUyQyUyQkxhcyUyQkNvbmRlcyUyNTJDJTJCUmVnaSUyNUMzJTI1QjNuJTJCTWV0cm9wb2xpdGFuYSUyMTVlMCUyMTNtMiUyMTFzZXMtNDE5JTIxMnNjbCUyMTR2MTQwNjA1MzA1MTI0NSUyMiUyMGhlaWdodCUzRCUyMjYwMCUyMiUyMGZyYW1lYm9yZGVyJTNEJTIyMCUyMiUyMHN0eWxlJTNEJTIyYm9yZGVyJTNBMCUyMiUzRSUzQyUyRmlmcmFtZSUzRQ==&#8221; size=&#8221;400&#8243;][\/vc_column][\/vc_row][vc_row bg_color=&#8221;#1274b5&#8243; bg_style=&#8221;repeat&#8221; video_bg_overlay=&#8221;none&#8221; margin_top=&#8221;5px&#8221; padding_top=&#8221;20&#8243; style=&#8221;light&#8221; padding_bottom=&#8221;20&#8243; margin_bottom=&#8221;0&#8243; center_row=&#8221;yes&#8221;][vc_column width=&#8221;1\/1&#8243;][vc_column_text] SOBRE N\u00d3S [\/vc_column_text][\/vc_column][\/vc_row][vc_row bg_image=&#8221;3263&#8243; bg_style=&#8221;repeat&#8221; video_bg_overlay=&#8221;none&#8221; padding_left=&#8221;100&#8243; padding_right=&#8221;100&#8243; padding_top=&#8221;30&#8243; padding_bottom=&#8221;50&#8243; margin_top=&#8221;0px&#8221; center_row=&#8221;yes&#8221;][vc_column width=&#8221;1\/1&#8243;][vc_column_text]A empresa foi fundada em 2003 por tr\u00eas jovens empres\u00e1rios que vir\u00e3o&hellip;<\/p>\n","protected":false},"author":7,"featured_media":0,"parent":0,"menu_order":0,"comment_status":"closed","ping_status":"closed","template":"","meta":{"footnotes":""},"class_list":["post-4356","page","type-page","status-publish","hentry","entry","no-media"],"aioseo_notices":[],"_links":{"self":[{"href":"https:\/\/www.latinhire.com\/pt-br\/wp-json\/wp\/v2\/pages\/4356","targetHints":{"allow":["GET"]}}],"collection":[{"href":"https:\/\/www.latinhire.com\/pt-br\/wp-json\/wp\/v2\/pages"}],"about":[{"href":"https:\/\/www.latinhire.com\/pt-br\/wp-json\/wp\/v2\/types\/page"}],"author":[{"embeddable":true,"href":"https:\/\/www.latinhire.com\/pt-br\/wp-json\/wp\/v2\/users\/7"}],"replies":[{"embeddable":true,"href":"https:\/\/www.latinhire.com\/pt-br\/wp-json\/wp\/v2\/comments?post=4356"}],"version-history":[{"count":3,"href":"https:\/\/www.latinhire.com\/pt-br\/wp-json\/wp\/v2\/pages\/4356\/revisions"}],"predecessor-version":[{"id":8994,"href":"https:\/\/www.latinhire.com\/pt-br\/wp-json\/wp\/v2\/pages\/4356\/revisions\/8994"}],"wp:attachment":[{"href":"https:\/\/www.latinhire.com\/pt-br\/wp-json\/wp\/v2\/media?parent=4356"}],"curies":[{"name":"wp","href":"https:\/\/api.w.org\/{rel}","templated":true}]}}