{"id":4352,"date":"2017-05-03T23:37:06","date_gmt":"2017-05-04T03:37:06","guid":{"rendered":"http:\/\/www.latinhire.com\/?page_id=4352\/"},"modified":"2025-10-17T10:26:49","modified_gmt":"2025-10-17T14:26:49","slug":"perguntas-frequentes","status":"publish","type":"page","link":"https:\/\/www.latinhire.com\/pt-br\/perguntas-frequentes\/","title":{"rendered":"Perguntas frequentes"},"content":{"rendered":"<div class=\"wpb-content-wrapper\">[vc_row bg_color=&#8221;#1274b5&#8243; bg_style=&#8221;repeat&#8221; video_bg_overlay=&#8221;none&#8221; style=&#8221;light&#8221; el_class=&#8221;faqhead&#8221; padding_bottom=&#8221;20&#8243;][vc_column width=&#8221;1\/1&#8243;][vc_column_text]\n<h1 class=\"faq\" style=\"font-size: 24px; font-weight: bold; margin-bottom: 0px; text-align: center;\">Perguntas Frequentes<\/h1>\n[\/vc_column_text][\/vc_column][\/vc_row][vc_row bg_style=&#8221;stretch&#8221; video_bg_overlay=&#8221;none&#8221; padding_left=&#8221;150&#8243; padding_right=&#8221;150&#8243;][vc_column width=&#8221;1\/1&#8243;]<div class=\"vcex-spacing wpex-w-100 wpex-clear\" style=\"height:50px;\"><\/div>[\/vc_column][\/vc_row][vc_row bg_style=&#8221;stretch&#8221; video_bg_overlay=&#8221;none&#8221; padding_left=&#8221;150&#8243; padding_right=&#8221;150&#8243; css_animation=&#8221;left-to-right&#8221; center_row=&#8221;yes&#8221;][vc_column width=&#8221;1\/1&#8243;][vc_accordion collapsible=&#8221;yes&#8221;][vc_accordion_tab title=&#8221; Quem \u00e9 Latinhire?&#8221;][vc_column_text css_animation=&#8221;appear&#8221;]Latinhire \u00e9 uma empresa que se dedica ao recrutamento e coordena\u00e7\u00e3o de equipes de trabalho sulamericanos, para oferecer servi\u00e7os sincr\u00f4nicos por Internet. Latinhire Tutorias Online \u00e9 a divis\u00e3o que serve a empresas de categoria de tutorias online. Empresas deste ramo nos contratam para selecionar e administrar para eles tutores bil\u00edngues na Am\u00e9rica Latina.<br \/>\n[\/vc_column_text][\/vc_accordion_tab][vc_accordion_tab title=&#8221; Onde est\u00e1 localizado Latinhire? &#8220;][vc_column_text css_animation=&#8221;left-to-right&#8221;]Somos uma organiza\u00e7\u00e3o distribu\u00edda pelo mundo e a maioria de nossas opera\u00e7\u00f5es se realizam por perssoas que trabalham desde distintos lugares ao redor do mundo.<br \/>\n[\/vc_column_text][\/vc_accordion_tab][vc_accordion_tab title=&#8221; Quantas horas por m\u00eas posso trabalhar? &#8220;][vc_column_text css_animation=&#8221;right-to-left&#8221;]Depende da demanda pontual de nossos clientes, de sua disponibilidade semanal e da qualidade de suas aulas. A respeito da demanda de nossos clientes, normalmente nos meses com mais trabalho s\u00e3o: Setembro, Outubro, Novembro, Janeiro, Fevereiro, Mar\u00e7o, Abril e Maio. Ao contr\u00e1rio, Junho, Julio e Agosto s\u00e3o meses com menor demanda e, por tanto, com menos horas de trabalho.<br \/>\n[\/vc_column_text][\/vc_accordion_tab][vc_accordion_tab title=&#8221; Trabalham pessoas do meu pa\u00eds com voc\u00eas?&#8221;][vc_column_text]Trabalhamos com tutores de toda Am\u00e9rica Latina, especialmente Argentina, Bol\u00edvia, Col\u00f4mbia, Chile, Uruguai e M\u00e9xico.[\/vc_column_text][\/vc_accordion_tab][vc_accordion_tab title=&#8221; Tenho uma pregunta que n\u00e3o foi mencionada aqui. Como posso entrar em contato com voc\u00eas? &#8220;][vc_column_text css_animation=&#8221;appear&#8221;] Voc\u00ea pode escrever um e-mail para leide@Latinhire.com.[\/vc_column_text][\/vc_accordion_tab][vc_accordion_tab title=&#8221; Quanto pagam?&#8221;][vc_column_text]O pagamento se calcula com base a duas diferentes tarifas: uma por \u201ctempo de trabalho\u201d e outra por \u201ctempo em espera\u201d. Estas tarifas variam de acordo com as mat\u00e9rias que o tutor ensina, a qualidade de suas se\u00e7\u00f5es, e o n\u00famero total de horas que est\u00e1 dispon\u00edvel para trabalhar. As tarifas exatas que se paga por cada mat\u00e9ria, qualidade e cliente espec\u00edfico s\u00e3o comunicadas aos inscritos pr\u00e9-selecionados.<br \/>\n[\/vc_column_text][\/vc_accordion_tab][vc_accordion_tab title=&#8221; Como me pagam?&#8221;][vc_column_text css_animation=&#8221;top-to-bottom&#8221;]Ao t\u00e9rmino do m\u00eas fazemos\u00a0uma transfer\u00eancia de dinheiro em seu nome ou em nome da pessoa que tenhas especificado para receber seus pagamentos. Esta transfer\u00eancia realizamos via Western Union, Paypal, ou transfer\u00eancia banc\u00e1ria, dependendo da sua cidade de resid\u00eancia.<br \/>\n[\/vc_column_text][\/vc_accordion_tab][vc_accordion_tab title=&#8221;Como me inscrevo? &#8220;][vc_column_text css_animation=&#8221;bottom-to-top&#8221;]Primeiro voc\u00ea deve completar e enviar o formul\u00e1rio de solicita\u00e7\u00e3o. Ent\u00e3o revisaremos sua solicita\u00e7\u00e3o e si seu perfil se ajusta a alguma de nossas necessidades atuais, entraremos em contacto contigo para iniciar seu processo de inscri\u00e7\u00e3o para a mat\u00e9ria e empresa espec\u00edfica para sua necessidade. Si seu perfil n\u00e3o se ajusta a nenhuma de nossas necessidades neste momento, te agregaremos a uma lista de espera e entraremos em contato contigo quando necessitemos recrutar tutores na sua \u00e1rea de conhecimentos.<br \/>\n[\/vc_column_text][\/vc_accordion_tab][vc_accordion_tab title=&#8221; Quais s\u00e3o os requisitos\u00a0para selecionar os tutores? &#8220;][vc_column_text css_animation=&#8221;left-to-right&#8221;] O filtro mais importante que fazemos atualmente \u00e9 n\u00edvel de ingl\u00eas. No momento, um requisito primordial para este trabalho \u00e9 ter um n\u00edvel de ingl\u00eas suficiente para poder ter uma conversa\u00e7\u00e3o fluente via chat. O ingl\u00eas oral n\u00e3o \u00e9 importante, porque as aulas s\u00e3o usando chat e ferramentas gr\u00e1ficas. Al\u00e9m do ingl\u00eas, nos verificamos que o inscrito possa ensinar alguma das mat\u00e9rias para as quais necessitamos tutores em um momento determinado.[\/vc_column_text][\/vc_accordion_tab][vc_accordion_tab title=&#8221; Quantas horas devo trabalhar no m\u00ednimo? &#8220;][vc_column_text css_animation=&#8221;right-to-left&#8221;] Se espera que possa trabalhar no m\u00ednimo 5 horas por semana.[\/vc_column_text][\/vc_accordion_tab][vc_accordion_tab title=&#8221;Necessito enviar alguma documenta\u00e7\u00e3o especial para poder me inscrever? &#8220;][vc_column_text css_animation=&#8221;appear&#8221;]Si voc\u00ea completa nosso processo seletivo e te selecionamos para ser tutor online, dever\u00e1 nos enviar um certificado de conclus\u00e3o se seus estudos e um certificado local de antecedentes criminais.[\/vc_column_text][\/vc_accordion_tab][\/vc_accordion]<div class=\"vcex-spacing wpex-w-100 wpex-clear\" style=\"height:30px;\"><\/div>[\/vc_column][\/vc_row]\n<\/div>","protected":false},"excerpt":{"rendered":"<p>[vc_row bg_color=&#8221;#1274b5&#8243; bg_style=&#8221;repeat&#8221; video_bg_overlay=&#8221;none&#8221; style=&#8221;light&#8221; el_class=&#8221;faqhead&#8221; padding_bottom=&#8221;20&#8243;][vc_column width=&#8221;1\/1&#8243;][vc_column_text] Perguntas Frequentes [\/vc_column_text][\/vc_column][\/vc_row][vc_row bg_style=&#8221;stretch&#8221; video_bg_overlay=&#8221;none&#8221; padding_left=&#8221;150&#8243; padding_right=&#8221;150&#8243;][vc_column width=&#8221;1\/1&#8243;][\/vc_column][\/vc_row][vc_row bg_style=&#8221;stretch&#8221; video_bg_overlay=&#8221;none&#8221; padding_left=&#8221;150&#8243; padding_right=&#8221;150&#8243; css_animation=&#8221;left-to-right&#8221; center_row=&#8221;yes&#8221;][vc_column width=&#8221;1\/1&#8243;][vc_accordion collapsible=&#8221;yes&#8221;][vc_accordion_tab title=&#8221; Quem \u00e9 Latinhire?&#8221;][vc_column_text css_animation=&#8221;appear&#8221;]Latinhire \u00e9 uma empresa que se dedica ao recrutamento e coordena\u00e7\u00e3o de equipes de trabalho sulamericanos, para oferecer servi\u00e7os sincr\u00f4nicos por Internet. Latinhire Tutorias Online \u00e9 a&hellip;<\/p>\n","protected":false},"author":7,"featured_media":0,"parent":0,"menu_order":0,"comment_status":"closed","ping_status":"closed","template":"","meta":{"footnotes":""},"class_list":["post-4352","page","type-page","status-publish","hentry","entry","no-media"],"aioseo_notices":[],"_links":{"self":[{"href":"https:\/\/www.latinhire.com\/pt-br\/wp-json\/wp\/v2\/pages\/4352","targetHints":{"allow":["GET"]}}],"collection":[{"href":"https:\/\/www.latinhire.com\/pt-br\/wp-json\/wp\/v2\/pages"}],"about":[{"href":"https:\/\/www.latinhire.com\/pt-br\/wp-json\/wp\/v2\/types\/page"}],"author":[{"embeddable":true,"href":"https:\/\/www.latinhire.com\/pt-br\/wp-json\/wp\/v2\/users\/7"}],"replies":[{"embeddable":true,"href":"https:\/\/www.latinhire.com\/pt-br\/wp-json\/wp\/v2\/comments?post=4352"}],"version-history":[{"count":5,"href":"https:\/\/www.latinhire.com\/pt-br\/wp-json\/wp\/v2\/pages\/4352\/revisions"}],"predecessor-version":[{"id":8992,"href":"https:\/\/www.latinhire.com\/pt-br\/wp-json\/wp\/v2\/pages\/4352\/revisions\/8992"}],"wp:attachment":[{"href":"https:\/\/www.latinhire.com\/pt-br\/wp-json\/wp\/v2\/media?parent=4352"}],"curies":[{"name":"wp","href":"https:\/\/api.w.org\/{rel}","templated":true}]}}