{"id":4344,"date":"2017-05-02T21:31:41","date_gmt":"2017-05-03T01:31:41","guid":{"rendered":"http:\/\/www.latinhire.com\/?page_id=4344\/"},"modified":"2018-10-30T10:33:39","modified_gmt":"2018-10-30T14:33:39","slug":"inscrever-se-ao-grupo-de-tutores-de-latinhire","status":"publish","type":"page","link":"https:\/\/www.latinhire.com\/pt-br\/inscrever-se-ao-grupo-de-tutores-de-latinhire\/","title":{"rendered":"Se inscrever para a equipe de tutores de LatinHire"},"content":{"rendered":"<h1>Escolha aqui o processo de inscri\u00e7\u00e3o que deseja iniciar:<\/h1>\n<a href=\"https:\/\/latinhire.com\/sl\/eslteacherapplicationform\" class=\"vcex-button theme-button graphical orange big align-left inline\" title=\"Online English Teacher\" rel=\"none\"><span class=\"vcex-button-inner theme-button-inner wpex-flex wpex-flex-wrap wpex-items-center wpex-justify-center\">Online English Teacher<\/span><\/a> \n<a href=\"https:\/\/latinhire.com\/sl\/postularbrazil\/\" class=\"vcex-button theme-button graphical orange big align-left inline\" title=\"ci\u00eancias, matem\u00e1tica, economia e outras mat\u00e9rias\" rel=\"none\"><span class=\"vcex-button-inner theme-button-inner wpex-flex wpex-flex-wrap wpex-items-center wpex-justify-center\">Ci\u00eancias, matem\u00e1tica, economia e outras mat\u00e9rias<\/span><\/a> \n","protected":false},"excerpt":{"rendered":"<p>Escolha aqui o processo de inscri\u00e7\u00e3o que deseja iniciar:<\/p>\n","protected":false},"author":9,"featured_media":0,"parent":0,"menu_order":0,"comment_status":"closed","ping_status":"closed","template":"","meta":{"footnotes":""},"class_list":["post-4344","page","type-page","status-publish","hentry","entry","no-media"],"aioseo_notices":[],"_links":{"self":[{"href":"https:\/\/www.latinhire.com\/pt-br\/wp-json\/wp\/v2\/pages\/4344","targetHints":{"allow":["GET"]}}],"collection":[{"href":"https:\/\/www.latinhire.com\/pt-br\/wp-json\/wp\/v2\/pages"}],"about":[{"href":"https:\/\/www.latinhire.com\/pt-br\/wp-json\/wp\/v2\/types\/page"}],"author":[{"embeddable":true,"href":"https:\/\/www.latinhire.com\/pt-br\/wp-json\/wp\/v2\/users\/9"}],"replies":[{"embeddable":true,"href":"https:\/\/www.latinhire.com\/pt-br\/wp-json\/wp\/v2\/comments?post=4344"}],"version-history":[{"count":5,"href":"https:\/\/www.latinhire.com\/pt-br\/wp-json\/wp\/v2\/pages\/4344\/revisions"}],"predecessor-version":[{"id":4828,"href":"https:\/\/www.latinhire.com\/pt-br\/wp-json\/wp\/v2\/pages\/4344\/revisions\/4828"}],"wp:attachment":[{"href":"https:\/\/www.latinhire.com\/pt-br\/wp-json\/wp\/v2\/media?parent=4344"}],"curies":[{"name":"wp","href":"https:\/\/api.w.org\/{rel}","templated":true}]}}