{"id":4334,"date":"2017-05-03T23:37:23","date_gmt":"2017-05-04T03:37:23","guid":{"rendered":"http:\/\/www.latinhire.com\/?page_id=4334\/"},"modified":"2017-05-17T10:54:59","modified_gmt":"2017-05-17T14:54:59","slug":"excluir-inscricao","status":"publish","type":"page","link":"https:\/\/www.latinhire.com\/pt-br\/excluir-inscricao\/","title":{"rendered":"Excluir Inscri\u00e7\u00e3o"},"content":{"rendered":"[contact-form-7 id=&#8221;4401&#8243; title=&#8221;Descartar postulaci\u00f3n Brasil&#8221;]\n","protected":false},"excerpt":{"rendered":"<p>[contact-form-7 id=&#8221;4401&#8243; title=&#8221;Descartar postulaci\u00f3n Brasil&#8221;]<\/p>\n","protected":false},"author":7,"featured_media":0,"parent":0,"menu_order":0,"comment_status":"open","ping_status":"open","template":"","meta":{"footnotes":""},"class_list":["post-4334","page","type-page","status-publish","hentry","entry","no-media"],"aioseo_notices":[],"_links":{"self":[{"href":"https:\/\/www.latinhire.com\/pt-br\/wp-json\/wp\/v2\/pages\/4334","targetHints":{"allow":["GET"]}}],"collection":[{"href":"https:\/\/www.latinhire.com\/pt-br\/wp-json\/wp\/v2\/pages"}],"about":[{"href":"https:\/\/www.latinhire.com\/pt-br\/wp-json\/wp\/v2\/types\/page"}],"author":[{"embeddable":true,"href":"https:\/\/www.latinhire.com\/pt-br\/wp-json\/wp\/v2\/users\/7"}],"replies":[{"embeddable":true,"href":"https:\/\/www.latinhire.com\/pt-br\/wp-json\/wp\/v2\/comments?post=4334"}],"version-history":[{"count":2,"href":"https:\/\/www.latinhire.com\/pt-br\/wp-json\/wp\/v2\/pages\/4334\/revisions"}],"predecessor-version":[{"id":4402,"href":"https:\/\/www.latinhire.com\/pt-br\/wp-json\/wp\/v2\/pages\/4334\/revisions\/4402"}],"wp:attachment":[{"href":"https:\/\/www.latinhire.com\/pt-br\/wp-json\/wp\/v2\/media?parent=4334"}],"curies":[{"name":"wp","href":"https:\/\/api.w.org\/{rel}","templated":true}]}}