{"id":3092,"date":"2014-06-06T10:13:49","date_gmt":"2014-06-06T10:13:49","guid":{"rendered":"http:\/\/www.latinhire.com\/?page_id=3092"},"modified":"2019-12-04T07:27:01","modified_gmt":"2019-12-04T11:27:01","slug":"empresa","status":"publish","type":"page","link":"https:\/\/www.latinhire.com\/es\/empresa\/","title":{"rendered":"Empresa"},"content":{"rendered":"<div class=\"wpb-content-wrapper\">[vc_row bg_color=\u00bb#1274b5&#8243; bg_style=\u00bbrepeat\u00bb video_bg_overlay=\u00bbnone\u00bb margin_top=\u00bb5px\u00bb padding_top=\u00bb20&#8243; style=\u00bblight\u00bb padding_bottom=\u00bb20&#8243; margin_bottom=\u00bb0&#8243; center_row=\u00bbyes\u00bb][vc_column width=\u00bb1\/1&#8243;][vc_column_text]\n<h1 style=\"text-align: center; font-size: 30px;\">SOBRE NOSOTROS<\/h1>\n[\/vc_column_text][\/vc_column][\/vc_row][vc_row bg_image=\u00bb3263&#8243; bg_style=\u00bbrepeat\u00bb video_bg_overlay=\u00bbnone\u00bb padding_left=\u00bb100&#8243; padding_right=\u00bb100&#8243; padding_top=\u00bb30&#8243; padding_bottom=\u00bb50&#8243; margin_top=\u00bb0px\u00bb center_row=\u00bbyes\u00bb][vc_column width=\u00bb1\/1&#8243;][vc_column_text]\n<p>Fundada en 2003, LatinHire recluta y administra equipos de expertos en la materia para empresas de educaci\u00f3n en l\u00ednea.<\/p>\n<p>En la actualidad, mantenemos m\u00e1s de 2.000 SMEs activos para nuestros clientes, y muchos m\u00e1s han trabajado con nosotros en el pasado. Nuestros equipos han desempe\u00f1ado papeles clave en el backend de startups edtech muy exitosas.<\/p>\n<p>Los siguientes son algunos de los servicios que han brindado los SMEs de LatinHire, todos en ingl\u00e9s, espa\u00f1ol o portugu\u00e9s:<\/p>\n<ul>\n<li>Instrucci\u00f3n en vivo en ingl\u00e9s<\/li>\n<li>Tutor\u00eda en l\u00ednea en m\u00e1s de 40 materias, para todos los niveles.<\/li>\n<li>Servicios de preguntas y respuestas<\/li>\n<li>Atenci\u00f3n al cliente<\/li>\n<li>Ex\u00e1menes de calificaci\u00f3n<\/li>\n<li>Revisiones de calidad de contenido<\/li>\n<li>Traducciones<\/li>\n<\/ul>\n<p>Dependiendo de las necesidades de nuestros clientes, podemos obtener hablantes de ingl\u00e9s nativos y no nativos.<\/p>\n<p>Las caracter\u00edsticas comunes de todos los compromisos de LatinHire con sus clientes son:<\/p>\n<ul>\n<li>Alta calidad de SMEs<\/li>\n<li>Procesos empresariales personalizados con KPI claros<\/li>\n<li>Operaciones simples y escalables<\/li>\n<\/ul>\n<p>Reclutamos SMEs de varios pa\u00edses, siempre en busca de nuevas ubicaciones estrat\u00e9gicas para obtener el mejor talento que nos permita cumplir nuestros objetivos.[\/vc_column_text][\/vc_column][\/vc_row]\n<\/div>","protected":false},"excerpt":{"rendered":"<p>[vc_row bg_color=\u00bb#1274b5&#8243; bg_style=\u00bbrepeat\u00bb video_bg_overlay=\u00bbnone\u00bb margin_top=\u00bb5px\u00bb padding_top=\u00bb20&#8243; style=\u00bblight\u00bb padding_bottom=\u00bb20&#8243; margin_bottom=\u00bb0&#8243; center_row=\u00bbyes\u00bb][vc_column width=\u00bb1\/1&#8243;][vc_column_text] SOBRE NOSOTROS [\/vc_column_text][\/vc_column][\/vc_row][vc_row bg_image=\u00bb3263&#8243; bg_style=\u00bbrepeat\u00bb video_bg_overlay=\u00bbnone\u00bb padding_left=\u00bb100&#8243; padding_right=\u00bb100&#8243; padding_top=\u00bb30&#8243; padding_bottom=\u00bb50&#8243; margin_top=\u00bb0px\u00bb center_row=\u00bbyes\u00bb][vc_column width=\u00bb1\/1&#8243;][vc_column_text] Fundada en 2003, LatinHire recluta y administra equipos de expertos en la materia para empresas de educaci\u00f3n en l\u00ednea. En la actualidad, mantenemos m\u00e1s de 2.000 SMEs activos para nuestros clientes,&hellip;<\/p>\n","protected":false},"author":9,"featured_media":0,"parent":0,"menu_order":0,"comment_status":"open","ping_status":"open","template":"","meta":{"footnotes":""},"class_list":["post-3092","page","type-page","status-publish","hentry","entry","no-media"],"aioseo_notices":[],"_links":{"self":[{"href":"https:\/\/www.latinhire.com\/es\/wp-json\/wp\/v2\/pages\/3092","targetHints":{"allow":["GET"]}}],"collection":[{"href":"https:\/\/www.latinhire.com\/es\/wp-json\/wp\/v2\/pages"}],"about":[{"href":"https:\/\/www.latinhire.com\/es\/wp-json\/wp\/v2\/types\/page"}],"author":[{"embeddable":true,"href":"https:\/\/www.latinhire.com\/es\/wp-json\/wp\/v2\/users\/9"}],"replies":[{"embeddable":true,"href":"https:\/\/www.latinhire.com\/es\/wp-json\/wp\/v2\/comments?post=3092"}],"version-history":[{"count":5,"href":"https:\/\/www.latinhire.com\/es\/wp-json\/wp\/v2\/pages\/3092\/revisions"}],"predecessor-version":[{"id":5293,"href":"https:\/\/www.latinhire.com\/es\/wp-json\/wp\/v2\/pages\/3092\/revisions\/5293"}],"wp:attachment":[{"href":"https:\/\/www.latinhire.com\/es\/wp-json\/wp\/v2\/media?parent=3092"}],"curies":[{"name":"wp","href":"https:\/\/api.w.org\/{rel}","templated":true}]}}